{"id":23267,"date":"2025-02-12T19:27:32","date_gmt":"2025-02-12T19:27:32","guid":{"rendered":"https:\/\/muriellehealing.com\/?page_id=23267"},"modified":"2026-01-22T10:21:34","modified_gmt":"2026-01-22T09:21:34","slug":"a-propos","status":"publish","type":"page","link":"https:\/\/muriellehealing.com\/ru\/a-propos\/","title":{"rendered":"\u041e"},"content":{"rendered":"\t\t<div data-elementor-type=\"wp-page\" data-elementor-id=\"23267\" class=\"elementor elementor-23267\">\n\t\t\t\t\t\t<section class=\"elementor-section elementor-top-section elementor-element elementor-element-0cb4c81 elementor-section-boxed elementor-section-height-default elementor-section-height-default sc_fly_static\" data-id=\"0cb4c81\" data-element_type=\"section\" data-e-type=\"section\">\n\t\t\t\t\t\t<div class=\"elementor-container elementor-column-gap-extended\">\n\t\t\t\t\t<div class=\"elementor-column elementor-col-100 elementor-top-column elementor-element elementor-element-7a1d64e sc_content_align_inherit sc_layouts_column_icons_position_left sc_fly_static\" data-id=\"7a1d64e\" data-element_type=\"column\" data-e-type=\"column\">\n\t\t\t<div class=\"elementor-widget-wrap elementor-element-populated\">\n\t\t\t\t\t\t<div class=\"elementor-element elementor-element-c698abd sc_fly_static elementor-widget elementor-widget-image\" data-id=\"c698abd\" data-element_type=\"widget\" data-e-type=\"widget\" data-widget_type=\"image.default\">\n\t\t\t\t<div class=\"elementor-widget-container\">\n\t\t\t\t\t\t\t\t\t\t\t\t\t\t\t<img fetchpriority=\"high\" decoding=\"async\" width=\"1024\" height=\"745\" src=\"https:\/\/muriellehealing.com\/wp-content\/uploads\/2025\/02\/murielle01-1024x745.png\" class=\"attachment-large size-large wp-image-23268\" alt=\"\" srcset=\"https:\/\/muriellehealing.com\/wp-content\/uploads\/2025\/02\/murielle01-1024x745.png 1024w, https:\/\/muriellehealing.com\/wp-content\/uploads\/2025\/02\/murielle01-600x436.png 600w, https:\/\/muriellehealing.com\/wp-content\/uploads\/2025\/02\/murielle01-300x218.png 300w, https:\/\/muriellehealing.com\/wp-content\/uploads\/2025\/02\/murielle01-768x559.png 768w, https:\/\/muriellehealing.com\/wp-content\/uploads\/2025\/02\/murielle01-1536x1117.png 1536w, https:\/\/muriellehealing.com\/wp-content\/uploads\/2025\/02\/murielle01-2048x1490.png 2048w, https:\/\/muriellehealing.com\/wp-content\/uploads\/2025\/02\/murielle01-16x12.png 16w, https:\/\/muriellehealing.com\/wp-content\/uploads\/2025\/02\/murielle01-370x269.png 370w, https:\/\/muriellehealing.com\/wp-content\/uploads\/2025\/02\/murielle01-840x611.png 840w, https:\/\/muriellehealing.com\/wp-content\/uploads\/2025\/02\/murielle01-410x298.png 410w\" sizes=\"(max-width: 1024px) 100vw, 1024px\" \/>\t\t\t\t\t\t\t\t\t\t\t\t\t\t\t<\/div>\n\t\t\t\t<\/div>\n\t\t\t\t<div class=\"elementor-element elementor-element-785eb1d elementor-widget-divider--view-line sc_fly_static elementor-widget elementor-widget-divider\" data-id=\"785eb1d\" data-element_type=\"widget\" data-e-type=\"widget\" data-widget_type=\"divider.default\">\n\t\t\t\t<div class=\"elementor-widget-container\">\n\t\t\t\t\t\t\t<div class=\"elementor-divider\">\n\t\t\t<span class=\"elementor-divider-separator\">\n\t\t\t\t\t\t<\/span>\n\t\t<\/div>\n\t\t\t\t\t\t<\/div>\n\t\t\t\t<\/div>\n\t\t\t\t<div class=\"elementor-element elementor-element-8c0a46c sc_fly_static elementor-widget elementor-widget-text-editor\" data-id=\"8c0a46c\" data-element_type=\"widget\" data-e-type=\"widget\" data-widget_type=\"text-editor.default\">\n\t\t\t\t<div class=\"elementor-widget-container\">\n\t\t\t\t\t\t\t\t\t<p data-start=\"0\" data-end=\"490\"><span style=\"font-family: droid-serif, serif; font-size: 16px; font-style: normal; font-weight: 400;\">Au fil des ann\u00e9es, Murielle a d\u00e9velopp\u00e9 une m\u00e9thode qui associe des techniques \u00e9nerg\u00e9tiques avanc\u00e9es et des conseils pratiques pour favoriser une gu\u00e9rison compl\u00e8te. Son approche prend en compte la globalit\u00e9 de la personne : elle intervient \u00e0 la fois sur le plan physique, en soulageant les douleurs et tensions corporelles, et sur le plan \u00e9motionnel, en lib\u00e9rant les blocages li\u00e9s au stress, aux traumatismes ou aux pens\u00e9es limitantes. Son travail s\u2019articule autour de la conviction que notre bien-\u00eatre physique et mental est profond\u00e9ment li\u00e9 \u00e0 notre \u00e9nergie vitale, et que les d\u00e9s\u00e9quilibres \u00e9nerg\u00e9tiques peuvent entra\u00eener des troubles physiques et \u00e9motionnels.<\/span><\/p><p data-start=\"0\" data-end=\"490\">\u00a0<\/p>\t\t\t\t\t\t\t\t<\/div>\n\t\t\t\t<\/div>\n\t\t\t\t<div class=\"elementor-element elementor-element-f21e1ed sc_fly_static elementor-widget elementor-widget-text-editor\" data-id=\"f21e1ed\" data-element_type=\"widget\" data-e-type=\"widget\" data-widget_type=\"text-editor.default\">\n\t\t\t\t<div class=\"elementor-widget-container\">\n\t\t\t\t\t\t\t\t\t<p data-start=\"0\" data-end=\"490\"><span style=\"font-size: 16px;\">Murielle combine ses connaissances en soins \u00e9nerg\u00e9tiques avec une compr\u00e9hension approfondie des interactions entre le corps et l\u2019esprit. Elle intervient dans le cadre de nombreuses probl\u00e9matiques : douleurs chroniques, troubles du sommeil, stress, anxi\u00e9t\u00e9, gestion des \u00e9motions, ainsi que dans le processus de gu\u00e9rison apr\u00e8s un accident ou une maladie. Gr\u00e2ce \u00e0 son expertise, elle permet \u00e0 ses clients de restaurer leur bien-\u00eatre, de trouver un soulagement durable et de r\u00e9tablir une \u00e9nergie fluide, essentielle \u00e0 la bonne sant\u00e9.<\/span><\/p><p data-start=\"1686\" data-end=\"2074\">En plus de ses soins individuels, elle anime \u00e9galement des ateliers et des s\u00e9minaires sur le bien-\u00eatre \u00e9nerg\u00e9tique et la gestion du stress, afin de permettre \u00e0 chacun d\u2019acqu\u00e9rir les outils n\u00e9cessaires pour prendre soin de sa sant\u00e9 au quotidien. Elle propose \u00e9galement un accompagnement dans le cadre d&rsquo;un processus de gu\u00e9rison global, en compl\u00e9ment des traitements m\u00e9dicaux traditionnels.<\/p><p data-start=\"2076\" data-end=\"2525\" data-is-last-node=\"\"><span style=\"font-size: 16px;\"><!--\nPlugin Name: Bookly - Responsive WordPress Appointment Booking and Scheduling Plugin\nPlugin URI: https:\/\/www.booking-wp-plugin.com\/?utm_source=bookly_admin&utm_medium=plugins_page&utm_campaign=plugins_page\nVersion: 27.4-->\n<style type=\"text\/css\">\n    :root {\n        --bookly-main-color: #dd9933 !important;\n        --bookly-color: #dd9933 !important;\n    }\n\n    <\/style><div class=\"bookly-css-root\">\n    <div id=\"bookly-form-container-69f1bcfe6b64c\" class=\"bookly-form\" data-form_id=\"\" aria-live=\"polite\">\n        <div style=\"text-align: center\"><img decoding=\"async\" src=\"https:\/\/muriellehealing.com\/wp-includes\/js\/tinymce\/skins\/lightgray\/img\/loader.gif\" alt=\"\u0417\u0430\u0433\u0440\u0443\u0437\u043a\u0430...\"\/><\/div>\n    <\/div>\n<\/div>\n<script type=\"text\/javascript\">\n    (function (win, fn) {\n        var done = false, top = true,\n            doc = win.document,\n            root = doc.documentElement,\n            modern = doc.addEventListener,\n            add = modern ? 'addEventListener' : 'attachEvent',\n            rem = modern ? 'removeEventListener' : 'detachEvent',\n            pre = modern ? '' : 'on',\n            init = function (e) {\n                if (e.type == 'readystatechange') if (doc.readyState != 'complete') return;\n                (e.type == 'load' ? win : doc)[rem](pre + e.type, init, false);\n                if (!done) {\n                    done = true;\n                    fn.call(win, e.type || e);\n                }\n            },\n            poll = function () {\n                try {\n                    root.doScroll('left');\n                } catch (e) {\n                    setTimeout(poll, 50);\n                    return;\n                }\n                init('poll');\n            };\n        if (doc.readyState == 'complete') fn.call(win, 'lazy');\n        else {\n            if (!modern) if (root.doScroll) {\n                try {\n                    top = !win.frameElement;\n                } catch (e) {\n                }\n                if (top) poll();\n            }\n            doc[add](pre + 'DOMContentLoaded', init, false);\n            doc[add](pre + 'readystatechange', init, false);\n            win[add](pre + 'load', init, false);\n        }\n    })(window, function () {\n        window.bookly( {\"form_id\":\"69f1bcfe6b64c\",\"form_data\":{\"skip_service_step\":0,\"hide_service_part1\":0,\"hide_service_part2\":0,\"defaults\":{\"service_id\":0,\"staff_id\":0,\"location_id\":0,\"category_id\":0,\"units\":0,\"date_from\":0,\"time_from\":0,\"time_to\":0}},\"status\":{\"booking\":\"new\"},\"form_token\":null,\"skip_steps\":{\"service_part1\":0,\"service_part2\":0,\"extras\":1,\"time\":0,\"repeat\":1,\"cart\":1},\"errors\":{\"session_error\":\"\\u041e\\u0448\\u0438\\u0431\\u043a\\u0430 \\u0441\\u0435\\u0441\\u0441\\u0438\\u0438.\",\"form_id_error\":\"\\u041e\\u0448\\u0438\\u0431\\u043a\\u0430 Form ID.\",\"cart_item_not_available\":\"Le cr\\u00e9neau horaire s\\u00e9lectionn\\u00e9 n'est plus disponible. Veuillez choisir un autre cr\\u00e9neau horaire.\",\"pay_locally_not_available\":\"\\u041e\\u043f\\u043b\\u0430\\u0442\\u0430 \\u043d\\u0430\\u043b\\u0438\\u0447\\u043d\\u044b\\u043c\\u0438 \\u043d\\u0435 \\u0434\\u043e\\u0441\\u0442\\u0443\\u043f\\u043d\\u0430.\",\"invalid_gateway\":\"\\u041d\\u0435\\u0432\\u0435\\u0440\\u043d\\u044b\\u0439 \\u0448\\u043b\\u044e\\u0437.\",\"payment_error\":\"\\u041e\\u0448\\u0438\\u0431\\u043a\\u0430.\",\"incorrect_username_password\":\"\\u041d\\u0435\\u0432\\u0435\\u0440\\u043d\\u043e\\u0435 \\u0438\\u043c\\u044f \\u043f\\u043e\\u043b\\u044c\\u0437\\u043e\\u0432\\u0430\\u0442\\u0435\\u043b\\u044f \\u0438\\u043b\\u0438 \\u043f\\u0430\\u0440\\u043e\\u043b\\u044c.\"},\"form_attributes\":{\"hide_categories\":false,\"hide_services\":false,\"hide_staff_members\":false,\"show_number_of_persons\":false,\"hide_service_duration\":true,\"hide_locations\":false,\"hide_quantity\":true,\"hide_date\":false,\"hide_week_days\":false,\"hide_time_range\":false},\"use_client_time_zone\":0,\"defaults\":{\"service_id\":0,\"staff_id\":0,\"location_id\":0,\"category_id\":0},\"datepicker_mode\":\"text-accent\",\"facebook\":{\"enabled\":0,\"appId\":\"\"},\"stripe\":{\"enabled\":1}} );\n    });\n<\/script><\/span><\/p>\t\t\t\t\t\t\t\t<\/div>\n\t\t\t\t<\/div>\n\t\t\t\t\t<\/div>\n\t\t<\/div>\n\t\t\t\t\t<\/div>\n\t\t<\/section>\n\t\t\t\t<\/div>\n\t\t","protected":false},"excerpt":{"rendered":"<p>Au fil des ann\u00e9es, Murielle a d\u00e9velopp\u00e9 une m\u00e9thode qui associe des techniques \u00e9nerg\u00e9tiques avanc\u00e9es et des conseils pratiques pour favoriser une gu\u00e9rison compl\u00e8te. Son approche prend en compte la&hellip;<\/p>","protected":false},"author":1,"featured_media":23268,"parent":0,"menu_order":0,"comment_status":"closed","ping_status":"closed","template":"","meta":{"footnotes":""},"class_list":["post-23267","page","type-page","status-publish","has-post-thumbnail","hentry"],"_links":{"self":[{"href":"https:\/\/muriellehealing.com\/ru\/wp-json\/wp\/v2\/pages\/23267","targetHints":{"allow":["GET"]}}],"collection":[{"href":"https:\/\/muriellehealing.com\/ru\/wp-json\/wp\/v2\/pages"}],"about":[{"href":"https:\/\/muriellehealing.com\/ru\/wp-json\/wp\/v2\/types\/page"}],"author":[{"embeddable":true,"href":"https:\/\/muriellehealing.com\/ru\/wp-json\/wp\/v2\/users\/1"}],"replies":[{"embeddable":true,"href":"https:\/\/muriellehealing.com\/ru\/wp-json\/wp\/v2\/comments?post=23267"}],"version-history":[{"count":22,"href":"https:\/\/muriellehealing.com\/ru\/wp-json\/wp\/v2\/pages\/23267\/revisions"}],"predecessor-version":[{"id":23589,"href":"https:\/\/muriellehealing.com\/ru\/wp-json\/wp\/v2\/pages\/23267\/revisions\/23589"}],"wp:featuredmedia":[{"embeddable":true,"href":"https:\/\/muriellehealing.com\/ru\/wp-json\/wp\/v2\/media\/23268"}],"wp:attachment":[{"href":"https:\/\/muriellehealing.com\/ru\/wp-json\/wp\/v2\/media?parent=23267"}],"curies":[{"name":"WP","href":"https:\/\/api.w.org\/{rel}","templated":true}]}}